{"id":85,"date":"2019-09-04T09:40:44","date_gmt":"2019-09-04T14:40:44","guid":{"rendered":"http:\/\/sgaconsultores.com.pe\/?page_id=85"},"modified":"2020-09-15T14:20:18","modified_gmt":"2020-09-15T19:20:18","slug":"nosotros","status":"publish","type":"page","link":"https:\/\/sgaconsultores.com.pe\/index.php\/nosotros\/","title":{"rendered":"Nosotros"},"content":{"rendered":"\n<div class=\"wp-block-image\"><figure class=\"aligncenter\"><img loading=\"lazy\" width=\"960\" height=\"437\" src=\"http:\/\/sgaconsultores.com.pe\/wp-content\/uploads\/2019\/09\/68744978_1342505942583322_6220262858324705280_n-2.jpg\" alt=\"\" class=\"wp-image-71\" srcset=\"https:\/\/sgaconsultores.com.pe\/wp-content\/uploads\/2019\/09\/68744978_1342505942583322_6220262858324705280_n-2.jpg 960w, https:\/\/sgaconsultores.com.pe\/wp-content\/uploads\/2019\/09\/68744978_1342505942583322_6220262858324705280_n-2-300x137.jpg 300w, https:\/\/sgaconsultores.com.pe\/wp-content\/uploads\/2019\/09\/68744978_1342505942583322_6220262858324705280_n-2-768x350.jpg 768w\" sizes=\"(max-width: 960px) 100vw, 960px\" \/><\/figure><\/div>\n\n\n\n<p>Somos <strong>SGA Consultores<\/strong> una empresa de Recursos Humanos especializada en brindar servicios de Selecci\u00f3n de Personal a diferentes empresas dentro y fuera de Lima, hacemos b\u00fasqueda de personal de diferentes niveles.<\/p>\n\n\n\n<p>Ofrecemos un servicio eficiente y de calidad, contando para ello<br>con un competente equipo de especialistas en Recursos<br>Humanos quienes, con t\u00e9cnicas dise\u00f1adas de manera exclusiva,<br>seleccionan en menor tiempo, el personal m\u00e1s id\u00f3neo para su<br>empresa.<\/p>\n\n\n\n<p><strong>NUESTROS SERVICIOS<\/strong><\/p>\n\n\n\n<p>Especializada en brindar servicios de Selecci\u00f3n de Personal a diferentes empresas dentro y fuera de Lima, hacemos b\u00fasqueda de personal de diferentes niveles.<\/p>\n\n\n\n<p>Ofrecemos un servicio eficiente y de calidad, contando para ello<br>con un competente equipo de especialistas en Recursos<br>Humanos quienes, con t\u00e9cnicas dise\u00f1adas de manera exclusiva,<br>seleccionan en menor tiempo, el personal m\u00e1s id\u00f3neo para su<br>empresa.<\/p>\n\n\n\n<ul class=\"wp-block-gallery columns-1 is-cropped\"><li class=\"blocks-gallery-item\"><figure><img loading=\"lazy\" width=\"1024\" height=\"331\" src=\"http:\/\/sgaconsultores.com.pe\/wp-content\/uploads\/2019\/09\/Imagen2-1024x331.jpg\" alt=\"\" data-id=\"68\" class=\"wp-image-68\" srcset=\"https:\/\/sgaconsultores.com.pe\/wp-content\/uploads\/2019\/09\/Imagen2-1024x331.jpg 1024w, https:\/\/sgaconsultores.com.pe\/wp-content\/uploads\/2019\/09\/Imagen2-300x97.jpg 300w, https:\/\/sgaconsultores.com.pe\/wp-content\/uploads\/2019\/09\/Imagen2-768x249.jpg 768w, https:\/\/sgaconsultores.com.pe\/wp-content\/uploads\/2019\/09\/Imagen2-1568x508.jpg 1568w, https:\/\/sgaconsultores.com.pe\/wp-content\/uploads\/2019\/09\/Imagen2.jpg 1903w\" sizes=\"(max-width: 1024px) 100vw, 1024px\" \/><\/figure><\/li><\/ul>\n","protected":false},"excerpt":{"rendered":"<p>Somos SGA Consultores una empresa de Recursos Humanos especializada en brindar servicios de Selecci\u00f3n de Personal a diferentes empresas dentro y fuera de Lima, hacemos b\u00fasqueda de personal de diferentes niveles. Ofrecemos un servicio eficiente y de calidad, contando para ellocon un competente equipo de especialistas en RecursosHumanos quienes, con [&hellip;]<\/p>\n","protected":false},"author":2,"featured_media":0,"parent":0,"menu_order":0,"comment_status":"closed","ping_status":"closed","template":"","meta":[],"_links":{"self":[{"href":"https:\/\/sgaconsultores.com.pe\/index.php\/wp-json\/wp\/v2\/pages\/85"}],"collection":[{"href":"https:\/\/sgaconsultores.com.pe\/index.php\/wp-json\/wp\/v2\/pages"}],"about":[{"href":"https:\/\/sgaconsultores.com.pe\/index.php\/wp-json\/wp\/v2\/types\/page"}],"author":[{"embeddable":true,"href":"https:\/\/sgaconsultores.com.pe\/index.php\/wp-json\/wp\/v2\/users\/2"}],"replies":[{"embeddable":true,"href":"https:\/\/sgaconsultores.com.pe\/index.php\/wp-json\/wp\/v2\/comments?post=85"}],"version-history":[{"count":3,"href":"https:\/\/sgaconsultores.com.pe\/index.php\/wp-json\/wp\/v2\/pages\/85\/revisions"}],"predecessor-version":[{"id":794,"href":"https:\/\/sgaconsultores.com.pe\/index.php\/wp-json\/wp\/v2\/pages\/85\/revisions\/794"}],"wp:attachment":[{"href":"https:\/\/sgaconsultores.com.pe\/index.php\/wp-json\/wp\/v2\/media?parent=85"}],"curies":[{"name":"wp","href":"https:\/\/api.w.org\/{rel}","templated":true}]}}